{"id":5061,"date":"2022-06-07T14:00:18","date_gmt":"2022-06-07T14:00:18","guid":{"rendered":"https:\/\/bluenautic.com\/?post_type=product&#038;p=5061"},"modified":"2025-05-02T14:48:27","modified_gmt":"2025-05-02T14:48:27","slug":"visor","status":"publish","type":"product","link":"https:\/\/bluenautic.com\/index.php\/produkt\/visor\/","title":{"rendered":"BNC Sun Visor Cap"},"content":{"rendered":"<ul>\n<li>UV za\u0161tita: Kapa za vizir za sunce mora pru\u017eati UV za\u0161titu za sva godi\u0161nja doba. Zakrivljeni vizir od kepera pru\u017ea optimalnu za\u0161titu od sunca za lice i o\u010di te vas \u0161titi od sunca.<\/li>\n<li>Protiv znojenja i popravljanja kose: na\u0161a bejzbolska kapa s konjskim repom ima svestranu i prozra\u010dnu unutarnju podstavu koja \u010duva znoj od va\u0161ih o\u010diju. \u010cak vam i podloga za kapu mo\u017ee popraviti kosu, tako da vam ne\u0107e smetati kada se kre\u0107ete.<\/li>\n<li>Moderan dodatak: Klasi\u010dna kapa voza\u010da kamiona. Neizostavan dodatak za sportove na otvorenom i svakodnevno no\u0161enje.<\/li>\n<\/ul>\n<p>&nbsp;<\/p>\n","protected":false},"excerpt":{"rendered":"<p>moderna za\u0161tita od sunca: Visor cap <span class=\"Y2IQFc\" lang=\"hr\">iz BlueNautiC-a<\/span><\/p>\n<pre id=\"tw-target-text\" class=\"tw-data-text tw-text-large tw-ta\" dir=\"ltr\" data-placeholder=\"\u00dcbersetzung\"><\/pre>\n","protected":false},"featured_media":5253,"template":"","meta":{"_themeisle_gutenberg_block_has_review":false},"product_brand":[219],"product_cat":[41,168,36],"product_tag":[],"class_list":{"0":"post-5061","1":"product","2":"type-product","3":"status-publish","4":"has-post-thumbnail","6":"product_brand-bnc-fashion-more","7":"product_cat-accessories","8":"product_cat-caps","9":"product_cat-function","11":"first","12":"instock","13":"sale","14":"taxable","15":"shipping-taxable","16":"purchasable","17":"product-type-variable"},"_links":{"self":[{"href":"https:\/\/bluenautic.com\/index.php\/wp-json\/wp\/v2\/product\/5061","targetHints":{"allow":["GET"]}}],"collection":[{"href":"https:\/\/bluenautic.com\/index.php\/wp-json\/wp\/v2\/product"}],"about":[{"href":"https:\/\/bluenautic.com\/index.php\/wp-json\/wp\/v2\/types\/product"}],"wp:featuredmedia":[{"embeddable":true,"href":"https:\/\/bluenautic.com\/index.php\/wp-json\/wp\/v2\/media\/5253"}],"wp:attachment":[{"href":"https:\/\/bluenautic.com\/index.php\/wp-json\/wp\/v2\/media?parent=5061"}],"wp:term":[{"taxonomy":"product_brand","embeddable":true,"href":"https:\/\/bluenautic.com\/index.php\/wp-json\/wp\/v2\/product_brand?post=5061"},{"taxonomy":"product_cat","embeddable":true,"href":"https:\/\/bluenautic.com\/index.php\/wp-json\/wp\/v2\/product_cat?post=5061"},{"taxonomy":"product_tag","embeddable":true,"href":"https:\/\/bluenautic.com\/index.php\/wp-json\/wp\/v2\/product_tag?post=5061"}],"curies":[{"name":"wp","href":"https:\/\/api.w.org\/{rel}","templated":true}]}}