{"id":3395,"date":"2020-10-29T09:36:50","date_gmt":"2020-10-29T09:36:50","guid":{"rendered":"https:\/\/bluenautic.com\/?post_type=product&#038;p=3395"},"modified":"2025-05-23T13:31:17","modified_gmt":"2025-05-23T13:31:17","slug":"liv-jacket-women","status":"publish","type":"product","link":"https:\/\/bluenautic.com\/index.php\/produkt\/liv-jacket-women\/","title":{"rendered":"Liv Jacket Women"},"content":{"rendered":"<p>TKANINA: vanjski dio: 100% poliamid, premaz: 100% poliuretan, podstava: 100% poliester, punjenje: 100% poliester<\/p>\n<p>ZNA\u010cAJKE: Liv \u2013 \u017eenska vanjska zimska parka s recikliranim punjenjem.<br \/>\nLiv jakna je super topla zimska parka s visokokvalitetnim PrimaLoft\u00ae punjenjem. Ne samo da je izuzetno topao, ve\u0107 je otporan na vjetar i prozra\u010dan, a tako\u0111er je izra\u0111en od 100% recikliranog materijala. Za maksimalnu toplinu ruke su opremljene plitkim pletenim man\u017eetama. Osim toga, rub i pojas se mogu individualno pode\u0161avati. Zbog dva d\u017eepa jakne s preklopom i gumbom, sr\u010danu stranu krasi jo\u0161 jedan integrirani d\u017eep na prsima s patentnim zatvara\u010dem. Dvoslojni kaput ima prednji patentni zatvara\u010d za otvaranje i zatvaranje jakne, koji je prekriven ukrasnim gumbom. Veliki gumbi su pri\u010dvr\u0161\u0107eni maritimnom trakom, koja se nastavlja na donju stepenicu. Visoki ovratnik optimalno \u0161titi od vjetra i hladno\u0107e i mo\u017ee se individualno podesiti s podesivom kapulja\u010dom pomo\u0107u pomorskih u\u017eeta.<\/p>\n<p>\u2022 super topla zimska parka<br \/>\n\u2022 100% reciklirano PrimaLoft\u00ae punjenje<br \/>\n\u2022 2-slojni materijal<br \/>\n\u2022 prozra\u010dna<br \/>\n\u2022 otporan na vjetar<br \/>\n\u2022 vodootporan<br \/>\n\u2022 umiljato pletene man\u0161ete<br \/>\n\u2022 pojas<br \/>\n\u2022 d\u017eepovi jakne s preklopima i gumbima<br \/>\n\u2022 traka s gumbima<br \/>\n\u2022 visoki ovratnik<br \/>\n\u2022 podesiva kapulja\u010da<br \/>\n\u2022 pomorski detalji kao \u0161to su uzice i vrpce<\/p>\n<p><img decoding=\"async\" class=\"product-info-icons__icon\" src=\"https:\/\/www.marinepool.de\/static\/version1603953749\/frontend\/Vierwd\/marinepool\/en_GB\/Vierwd_Marinepool\/images\/techspecs_icons\/2-layer.png\" \/><img decoding=\"async\" class=\"product-info-icons__icon\" src=\"https:\/\/www.marinepool.de\/static\/version1603953749\/frontend\/Vierwd\/marinepool\/en_GB\/Vierwd_Marinepool\/images\/techspecs_icons\/hood.png\" \/><\/p>\n","protected":false},"excerpt":{"rendered":"<p>Liv \u2013 \u017eenska vanjska zimska parka s recikliranim punjenjem.<\/p>\n<p>boja: tamnoplava<\/p>\n","protected":false},"featured_media":3396,"template":"","meta":{"_themeisle_gutenberg_block_has_review":false},"product_brand":[218],"product_cat":[18,212,193,155],"product_tag":[],"class_list":{"0":"post-3395","1":"product","2":"type-product","3":"status-publish","4":"has-post-thumbnail","6":"product_brand-marinepool","7":"product_cat-fashion","8":"product_cat-womens-jackets","9":"product_cat-outlet-marinepool-croatia","10":"product_cat-womens-fashion","12":"first","13":"instock","14":"sale","15":"taxable","16":"shipping-taxable","17":"purchasable","18":"product-type-variable"},"_links":{"self":[{"href":"https:\/\/bluenautic.com\/index.php\/wp-json\/wp\/v2\/product\/3395","targetHints":{"allow":["GET"]}}],"collection":[{"href":"https:\/\/bluenautic.com\/index.php\/wp-json\/wp\/v2\/product"}],"about":[{"href":"https:\/\/bluenautic.com\/index.php\/wp-json\/wp\/v2\/types\/product"}],"wp:featuredmedia":[{"embeddable":true,"href":"https:\/\/bluenautic.com\/index.php\/wp-json\/wp\/v2\/media\/3396"}],"wp:attachment":[{"href":"https:\/\/bluenautic.com\/index.php\/wp-json\/wp\/v2\/media?parent=3395"}],"wp:term":[{"taxonomy":"product_brand","embeddable":true,"href":"https:\/\/bluenautic.com\/index.php\/wp-json\/wp\/v2\/product_brand?post=3395"},{"taxonomy":"product_cat","embeddable":true,"href":"https:\/\/bluenautic.com\/index.php\/wp-json\/wp\/v2\/product_cat?post=3395"},{"taxonomy":"product_tag","embeddable":true,"href":"https:\/\/bluenautic.com\/index.php\/wp-json\/wp\/v2\/product_tag?post=3395"}],"curies":[{"name":"wp","href":"https:\/\/api.w.org\/{rel}","templated":true}]}}