{"id":2667,"date":"2020-06-08T14:35:42","date_gmt":"2020-06-08T14:35:42","guid":{"rendered":"https:\/\/bluenautic.com\/?page_id=2667"},"modified":"2022-02-24T15:53:05","modified_gmt":"2022-02-24T15:53:05","slug":"elementor-2667","status":"publish","type":"page","link":"https:\/\/bluenautic.com\/index.php\/elementor-2667\/","title":{"rendered":"Obrazac za reklamaciju"},"content":{"rendered":"\t\t<div data-elementor-type=\"wp-page\" data-elementor-id=\"2667\" class=\"elementor elementor-2667\">\n\t\t\t\t\t\t<section class=\"elementor-section elementor-top-section elementor-element elementor-element-0e7ff21 elementor-section-boxed elementor-section-height-default elementor-section-height-default\" data-id=\"0e7ff21\" data-element_type=\"section\" data-e-type=\"section\">\n\t\t\t\t\t\t<div class=\"elementor-container elementor-column-gap-default\">\n\t\t\t\t\t<div class=\"elementor-column elementor-col-100 elementor-top-column elementor-element elementor-element-c434719\" data-id=\"c434719\" data-element_type=\"column\" data-e-type=\"column\">\n\t\t\t<div class=\"elementor-widget-wrap elementor-element-populated\">\n\t\t\t\t\t\t<div class=\"elementor-element elementor-element-80a18e9 elementor-widget elementor-widget-text-editor\" data-id=\"80a18e9\" data-element_type=\"widget\" data-e-type=\"widget\" data-widget_type=\"text-editor.default\">\n\t\t\t\t<div class=\"elementor-widget-container\">\n\t\t\t\t\t\t\t\t\t<h1>Bluenautic d.o.o.<\/h1>\n<p>HR 23206 Sukosan<\/p>\n<p>OIB: HR 6647030386<\/p>\n<p>Tel: +385 23 394170<\/p>\n<p><a href=\"http:\/\/www.marinepool-bluenautic.com\" target=\"_blank\">info(at)marinepool-bluenautic.com<\/a><br><\/p>\t\t\t\t\t\t\t\t<\/div>\n\t\t\t\t<\/div>\n\t\t\t\t\t<\/div>\n\t\t<\/div>\n\t\t\t\t\t<\/div>\n\t\t<\/section>\n\t\t\t\t<section class=\"elementor-section elementor-top-section elementor-element elementor-element-5cb030d elementor-section-boxed elementor-section-height-default elementor-section-height-default\" data-id=\"5cb030d\" data-element_type=\"section\" data-e-type=\"section\">\n\t\t\t\t\t\t<div class=\"elementor-container elementor-column-gap-default\">\n\t\t\t\t\t<div class=\"elementor-column elementor-col-100 elementor-top-column elementor-element elementor-element-00f32f8\" data-id=\"00f32f8\" data-element_type=\"column\" data-e-type=\"column\">\n\t\t\t<div class=\"elementor-widget-wrap elementor-element-populated\">\n\t\t\t\t\t\t<div class=\"elementor-element elementor-element-621847c elementor-widget elementor-widget-text-editor\" data-id=\"621847c\" data-element_type=\"widget\" data-e-type=\"widget\" data-widget_type=\"text-editor.default\">\n\t\t\t\t<div class=\"elementor-widget-container\">\n\t\t\t\t\t\t\t\t\t<p>OBRAZAC ZA REKLAMACIJU<\/p><p>\u00a0<\/p><p>\u00a0<\/p><p>\u00a0<\/p><p>Kao na\u0161em kupcu, a u skladu sa zakonima o za\u0161titi potro\u0161a\u010da, omogu\u0107ujemo Vam da mogu\u0107e neispravan artikal reklamirate. Kako bi ostvarili ovo pravo trebate nam ovaj obrazac poslati ispunjen putem po\u0161te ili e- maila. Ispunjeni obrazac treba biti prilo\u017een naru\u010denom paketu prilikom vra\u0107anja istog.<\/p>\t\t\t\t\t\t\t\t<\/div>\n\t\t\t\t<\/div>\n\t\t\t\t\t<\/div>\n\t\t<\/div>\n\t\t\t\t\t<\/div>\n\t\t<\/section>\n\t\t\t\t<section class=\"elementor-section elementor-top-section elementor-element elementor-element-8fa05c3 elementor-section-boxed elementor-section-height-default elementor-section-height-default\" data-id=\"8fa05c3\" data-element_type=\"section\" data-e-type=\"section\">\n\t\t\t\t\t\t<div class=\"elementor-container elementor-column-gap-default\">\n\t\t\t\t\t\t<\/div>\n\t\t<\/section>\n\t\t\t\t<section class=\"elementor-section elementor-top-section elementor-element elementor-element-81826bc elementor-section-boxed elementor-section-height-default elementor-section-height-default\" data-id=\"81826bc\" data-element_type=\"section\" data-e-type=\"section\">\n\t\t\t\t\t\t<div class=\"elementor-container elementor-column-gap-default\">\n\t\t\t\t\t<div class=\"elementor-column elementor-col-100 elementor-top-column elementor-element elementor-element-6059a10\" data-id=\"6059a10\" data-element_type=\"column\" data-e-type=\"column\">\n\t\t\t<div class=\"elementor-widget-wrap elementor-element-populated\">\n\t\t\t\t\t\t<div class=\"elementor-element elementor-element-5c6670c elementor-widget elementor-widget-text-editor\" data-id=\"5c6670c\" data-element_type=\"widget\" data-e-type=\"widget\" data-widget_type=\"text-editor.default\">\n\t\t\t\t<div class=\"elementor-widget-container\">\n\t\t\t\t\t\t\t\t\t<p><img fetchpriority=\"high\" decoding=\"async\" class=\"aligncenter wp-image-2669\" src=\"https:\/\/bluenautic.com\/wp-content\/uploads\/2020\/06\/reklapic-300x192.png\" alt=\"\" width=\"600\" height=\"384\" srcset=\"https:\/\/bluenautic.com\/wp-content\/uploads\/2020\/06\/reklapic-300x192.png 300w, https:\/\/bluenautic.com\/wp-content\/uploads\/2020\/06\/reklapic-768x492.png 768w, https:\/\/bluenautic.com\/wp-content\/uploads\/2020\/06\/reklapic-600x384.png 600w, https:\/\/bluenautic.com\/wp-content\/uploads\/2020\/06\/reklapic-64x41.png 64w, https:\/\/bluenautic.com\/wp-content\/uploads\/2020\/06\/reklapic.png 893w\" sizes=\"(max-width: 600px) 100vw, 600px\" \/><\/p>\t\t\t\t\t\t\t\t<\/div>\n\t\t\t\t<\/div>\n\t\t\t\t\t<\/div>\n\t\t<\/div>\n\t\t\t\t\t<\/div>\n\t\t<\/section>\n\t\t\t\t<section class=\"elementor-section elementor-top-section elementor-element elementor-element-bef7088 elementor-section-boxed elementor-section-height-default elementor-section-height-default\" data-id=\"bef7088\" data-element_type=\"section\" data-e-type=\"section\">\n\t\t\t\t\t\t<div class=\"elementor-container elementor-column-gap-default\">\n\t\t\t\t\t\t<\/div>\n\t\t<\/section>\n\t\t\t\t<section class=\"elementor-section elementor-top-section elementor-element elementor-element-0de8cc3 elementor-section-boxed elementor-section-height-default elementor-section-height-default\" data-id=\"0de8cc3\" data-element_type=\"section\" data-e-type=\"section\">\n\t\t\t\t\t\t<div class=\"elementor-container elementor-column-gap-default\">\n\t\t\t\t\t<div class=\"elementor-column elementor-col-100 elementor-top-column elementor-element elementor-element-6a45c1f\" data-id=\"6a45c1f\" data-element_type=\"column\" data-e-type=\"column\">\n\t\t\t<div class=\"elementor-widget-wrap elementor-element-populated\">\n\t\t\t\t\t\t<div class=\"elementor-element elementor-element-355260a elementor-widget elementor-widget-text-editor\" data-id=\"355260a\" data-element_type=\"widget\" data-e-type=\"widget\" data-widget_type=\"text-editor.default\">\n\t\t\t\t<div class=\"elementor-widget-container\">\n\t\t\t\t\t\t\t\t\t<p>Potpis kupca:<\/p><p>_________________________________________________________________________<\/p><p>\u00a0<\/p><p>\u00a0<\/p><p>\u00a0<\/p><p>\u00a0<\/p><p>\u00a0<\/p><p>Privredna Banka Zagreb<\/p><p>IBAN:HR 5923 40009 1110 4598 23<\/p>\t\t\t\t\t\t\t\t<\/div>\n\t\t\t\t<\/div>\n\t\t\t\t\t<\/div>\n\t\t<\/div>\n\t\t\t\t\t<\/div>\n\t\t<\/section>\n\t\t\t\t<section class=\"elementor-section elementor-top-section elementor-element elementor-element-87e37bd elementor-section-boxed elementor-section-height-default elementor-section-height-default\" data-id=\"87e37bd\" data-element_type=\"section\" data-e-type=\"section\">\n\t\t\t\t\t\t<div class=\"elementor-container elementor-column-gap-default\">\n\t\t\t\t\t<div class=\"elementor-column elementor-col-100 elementor-top-column elementor-element elementor-element-c24dafa\" data-id=\"c24dafa\" data-element_type=\"column\" data-e-type=\"column\">\n\t\t\t<div class=\"elementor-widget-wrap elementor-element-populated\">\n\t\t\t\t\t\t<div class=\"elementor-element elementor-element-4577397 elementor-button-info elementor-widget elementor-widget-button\" data-id=\"4577397\" data-element_type=\"widget\" data-e-type=\"widget\" data-widget_type=\"button.default\">\n\t\t\t\t<div class=\"elementor-widget-container\">\n\t\t\t\t\t\t\t\t\t<div class=\"elementor-button-wrapper\">\n\t\t\t\t\t<a class=\"elementor-button elementor-button-link elementor-size-md\" href=\"https:\/\/bluenautic.com\/wp-content\/uploads\/2020\/06\/rekla1.jpg\" target=\"_blank\">\n\t\t\t\t\t\t<span class=\"elementor-button-content-wrapper\">\n\t\t\t\t\t\t<span class=\"elementor-button-icon\">\n\t\t\t\t<svg aria-hidden=\"true\" class=\"e-font-icon-svg e-fas-download\" viewBox=\"0 0 512 512\" xmlns=\"http:\/\/www.w3.org\/2000\/svg\"><path d=\"M216 0h80c13.3 0 24 10.7 24 24v168h87.7c17.8 0 26.7 21.5 14.1 34.1L269.7 378.3c-7.5 7.5-19.8 7.5-27.3 0L90.1 226.1c-12.6-12.6-3.7-34.1 14.1-34.1H192V24c0-13.3 10.7-24 24-24zm296 376v112c0 13.3-10.7 24-24 24H24c-13.3 0-24-10.7-24-24V376c0-13.3 10.7-24 24-24h146.7l49 49c20.1 20.1 52.5 20.1 72.6 0l49-49H488c13.3 0 24 10.7 24 24zm-124 88c0-11-9-20-20-20s-20 9-20 20 9 20 20 20 20-9 20-20zm64 0c0-11-9-20-20-20s-20 9-20 20 9 20 20 20 20-9 20-20z\"><\/path><\/svg>\t\t\t<\/span>\n\t\t\t\t\t\t\t\t\t<span class=\"elementor-button-text\">click here: download form<\/span>\n\t\t\t\t\t<\/span>\n\t\t\t\t\t<\/a>\n\t\t\t\t<\/div>\n\t\t\t\t\t\t\t\t<\/div>\n\t\t\t\t<\/div>\n\t\t\t\t\t<\/div>\n\t\t<\/div>\n\t\t\t\t\t<\/div>\n\t\t<\/section>\n\t\t\t\t<\/div>\n\t\t","protected":false},"excerpt":{"rendered":"<p>Bluenautic d.o.o. HR 23206 Sukosan OIB: HR 6647030386 Tel: +385 23 394170 info(at)marinepool-bluenautic.com OBRAZAC ZA REKLAMACIJU \u00a0 \u00a0 \u00a0 Kao na\u0161em kupcu, a u skladu sa zakonima o za\u0161titi potro\u0161a\u010da, omogu\u0107ujemo Vam da mogu\u0107e neispravan artikal reklamirate. Kako bi ostvarili ovo pravo trebate nam ovaj obrazac poslati ispunjen putem po\u0161te ili e- maila. Ispunjeni obrazac&hellip;<\/p>\n","protected":false},"author":1,"featured_media":0,"parent":0,"menu_order":0,"comment_status":"closed","ping_status":"closed","template":"","meta":{"_themeisle_gutenberg_block_has_review":false,"footnotes":""},"class_list":["post-2667","page","type-page","status-publish","hentry"],"_links":{"self":[{"href":"https:\/\/bluenautic.com\/index.php\/wp-json\/wp\/v2\/pages\/2667","targetHints":{"allow":["GET"]}}],"collection":[{"href":"https:\/\/bluenautic.com\/index.php\/wp-json\/wp\/v2\/pages"}],"about":[{"href":"https:\/\/bluenautic.com\/index.php\/wp-json\/wp\/v2\/types\/page"}],"author":[{"embeddable":true,"href":"https:\/\/bluenautic.com\/index.php\/wp-json\/wp\/v2\/users\/1"}],"replies":[{"embeddable":true,"href":"https:\/\/bluenautic.com\/index.php\/wp-json\/wp\/v2\/comments?post=2667"}],"version-history":[{"count":10,"href":"https:\/\/bluenautic.com\/index.php\/wp-json\/wp\/v2\/pages\/2667\/revisions"}],"predecessor-version":[{"id":4591,"href":"https:\/\/bluenautic.com\/index.php\/wp-json\/wp\/v2\/pages\/2667\/revisions\/4591"}],"wp:attachment":[{"href":"https:\/\/bluenautic.com\/index.php\/wp-json\/wp\/v2\/media?parent=2667"}],"curies":[{"name":"wp","href":"https:\/\/api.w.org\/{rel}","templated":true}]}}